{"id":117,"date":"2020-05-05T19:53:34","date_gmt":"2020-05-05T19:53:34","guid":{"rendered":"https:\/\/chiao-ai.ch\/?page_id=117"},"modified":"2024-02-11T18:08:40","modified_gmt":"2024-02-11T18:08:40","slug":"proben-allgemein","status":"publish","type":"page","link":"https:\/\/chiao-ai.ch\/tw\/proben-allgemein\/","title":{"rendered":"\u7df4\u5531\u6642\u9593\u8207\u5730\u9ede"},"content":{"rendered":"\n<p>\u7df4\u5531\u6642\u9593\u5927\u591a\u6578\u5728\u661f\u671f\u516d\u4e0a\u5348\uff0c\u5730\u9ede\u5728G\u00fcmligen (Gemeindehaus der reformierten Kirche G\u00fcmligen, Dorfstrasse 76, 3073 G\u00fcmligen)\u3002\u4e00\u5e74\u7d0425\u6b21\u7df4\u5531\uff0c\u6bcf\u6b212.5\u5c0f\u6642\u3002\u78ba\u5be6\u7df4\u5531\u65e5\u671f\u3001\u6642\u9593\u8207\u5730\u9ede\u8acb\u6d3d\u5718\u9577 (chiao-ai.choir@gmx.ch)\u3002<\/p>\n","protected":false},"excerpt":{"rendered":"<p>\u7df4\u5531\u6642\u9593\u5927\u591a\u6578\u5728\u661f\u671f\u516d\u4e0a\u5348\uff0c\u5730\u9ede\u5728G\u00fcmligen (Gemeindehaus der reformierten Kirche G\u00fcmligen, Dorfstrasse 76, 3073 G\u00fcmligen)\u3002\u4e00\u5e74\u7d0425\u6b21\u7df4\u5531\uff0c\u6bcf\u6b212.5\u5c0f\u6642\u3002\u78ba\u5be6\u7df4\u5531\u65e5\u671f\u3001\u6642\u9593\u8207\u5730\u9ede\u8acb\u6d3d\u5718\u9577 (chiao-ai.choir@gmx.ch)\u3002<\/p>\n","protected":false},"author":1,"featured_media":0,"parent":0,"menu_order":0,"comment_status":"closed","ping_status":"closed","template":"","meta":{"footnotes":""},"translation":{"provider":"WPGlobus","version":"2.10.7","language":"tw","enabled_languages":["de","tw"],"languages":{"de":{"title":true,"content":true,"excerpt":false},"tw":{"title":true,"content":true,"excerpt":false}}},"_links":{"self":[{"href":"https:\/\/chiao-ai.ch\/tw\/wp-json\/wp\/v2\/pages\/117"}],"collection":[{"href":"https:\/\/chiao-ai.ch\/tw\/wp-json\/wp\/v2\/pages"}],"about":[{"href":"https:\/\/chiao-ai.ch\/tw\/wp-json\/wp\/v2\/types\/page"}],"author":[{"embeddable":true,"href":"https:\/\/chiao-ai.ch\/tw\/wp-json\/wp\/v2\/users\/1"}],"replies":[{"embeddable":true,"href":"https:\/\/chiao-ai.ch\/tw\/wp-json\/wp\/v2\/comments?post=117"}],"version-history":[{"count":7,"href":"https:\/\/chiao-ai.ch\/tw\/wp-json\/wp\/v2\/pages\/117\/revisions"}],"predecessor-version":[{"id":918,"href":"https:\/\/chiao-ai.ch\/tw\/wp-json\/wp\/v2\/pages\/117\/revisions\/918"}],"wp:attachment":[{"href":"https:\/\/chiao-ai.ch\/tw\/wp-json\/wp\/v2\/media?parent=117"}],"curies":[{"name":"wp","href":"https:\/\/api.w.org\/{rel}","templated":true}]}}